{"id":1100,"date":"2025-01-09T19:24:39","date_gmt":"2025-01-09T19:24:39","guid":{"rendered":"https:\/\/lscp.onl\/chr\/?page_id=1100"},"modified":"2025-07-10T20:20:15","modified_gmt":"2025-07-10T20:20:15","slug":"cambio-de-datum-reforma-codigo-minero","status":"publish","type":"page","link":"https:\/\/lscp.onl\/chr\/cambio-de-datum-reforma-codigo-minero\/","title":{"rendered":"Cambio de Datum: Reforma C\u00f3digo Minero"},"content":{"rendered":"\t\t<div data-elementor-type=\"wp-page\" data-elementor-id=\"1100\" class=\"elementor elementor-1100\" data-elementor-post-type=\"page\">\n\t\t\t\t\t\t<section class=\"elementor-section elementor-top-section elementor-element elementor-element-3dc920d9 elementor-section-height-min-height elementor-section-boxed elementor-section-height-default elementor-section-items-middle\" data-id=\"3dc920d9\" data-element_type=\"section\" data-e-type=\"section\" data-settings=\"{&quot;background_background&quot;:&quot;video&quot;,&quot;background_video_link&quot;:&quot;https:\\\/\\\/lscp.onl\\\/chr\\\/wp-content\\\/uploads\\\/2025\\\/07\\\/cambio-de-datum-low-res.mp4&quot;}\">\n\t\t\t\t\t\t\t\t<div class=\"elementor-background-video-container elementor-hidden-mobile\">\n\t\t\t\t\t\t\t\t\t\t\t\t\t<video class=\"elementor-background-video-hosted\" role=\"presentation\" autoplay muted playsinline loop><\/video>\n\t\t\t\t\t\t\t\t\t\t\t<\/div>\n\t\t\t\t\t\t\t\t\t<div class=\"elementor-background-overlay\"><\/div>\n\t\t\t\t\t\t\t<div class=\"elementor-container elementor-column-gap-default\">\n\t\t\t\t\t<div class=\"elementor-column elementor-col-100 elementor-top-column elementor-element elementor-element-45dd5b09\" data-id=\"45dd5b09\" data-element_type=\"column\" data-e-type=\"column\">\n\t\t\t<div class=\"elementor-widget-wrap elementor-element-populated\">\n\t\t\t\t\t\t<section class=\"elementor-section elementor-inner-section elementor-element elementor-element-75d559b1 elementor-section-boxed elementor-section-height-default elementor-section-height-default\" data-id=\"75d559b1\" data-element_type=\"section\" data-e-type=\"section\">\n\t\t\t\t\t\t<div class=\"elementor-container elementor-column-gap-default\">\n\t\t\t\t\t<div class=\"elementor-column elementor-col-50 elementor-inner-column elementor-element elementor-element-267ec89a\" data-id=\"267ec89a\" data-element_type=\"column\" data-e-type=\"column\">\n\t\t\t<div class=\"elementor-widget-wrap elementor-element-populated\">\n\t\t\t\t\t\t<div class=\"elementor-element elementor-element-43234a0f elementor-widget elementor-widget-heading\" data-id=\"43234a0f\" data-element_type=\"widget\" data-e-type=\"widget\" data-widget_type=\"heading.default\">\n\t\t\t\t<div class=\"elementor-widget-container\">\n\t\t\t\t\t<h2 class=\"elementor-heading-title elementor-size-default\">Cambio de Datum: Reforma C\u00f3digo Minero<\/h2>\t\t\t\t<\/div>\n\t\t\t\t<\/div>\n\t\t\t\t<div class=\"elementor-element elementor-element-70dc6fcf elementor-widget elementor-widget-text-editor\" data-id=\"70dc6fcf\" data-element_type=\"widget\" data-e-type=\"widget\" data-widget_type=\"text-editor.default\">\n\t\t\t\t<div class=\"elementor-widget-container\">\n\t\t\t\t\t\t\t\t\t<p>Mant\u00e9n la certeza jur\u00eddica de la ubicaci\u00f3n estrat\u00e9gica de tus concesiones.<\/p>\t\t\t\t\t\t\t\t<\/div>\n\t\t\t\t<\/div>\n\t\t\t\t\t<\/div>\n\t\t<\/div>\n\t\t\t\t<div class=\"elementor-column elementor-col-50 elementor-inner-column elementor-element elementor-element-4e5ba18f\" data-id=\"4e5ba18f\" data-element_type=\"column\" data-e-type=\"column\">\n\t\t\t<div class=\"elementor-widget-wrap\">\n\t\t\t\t\t\t\t<\/div>\n\t\t<\/div>\n\t\t\t\t\t<\/div>\n\t\t<\/section>\n\t\t\t\t\t<\/div>\n\t\t<\/div>\n\t\t\t\t\t<\/div>\n\t\t<\/section>\n\t\t\t\t<section class=\"elementor-section elementor-top-section elementor-element elementor-element-1d3ad384 elementor-section-boxed elementor-section-height-default elementor-section-height-default\" data-id=\"1d3ad384\" data-element_type=\"section\" data-e-type=\"section\">\n\t\t\t\t\t\t<div class=\"elementor-container elementor-column-gap-default\">\n\t\t\t\t\t<div class=\"elementor-column elementor-col-100 elementor-top-column elementor-element elementor-element-23196c6b\" data-id=\"23196c6b\" data-element_type=\"column\" data-e-type=\"column\">\n\t\t\t<div class=\"elementor-widget-wrap elementor-element-populated\">\n\t\t\t\t\t\t<div class=\"elementor-element elementor-element-525f9afb elementor-widget elementor-widget-text-editor\" data-id=\"525f9afb\" data-element_type=\"widget\" data-e-type=\"widget\" data-widget_type=\"text-editor.default\">\n\t\t\t\t<div class=\"elementor-widget-container\">\n\t\t\t\t\t\t\t\t\t<p>El 4 de febrero del a\u00f1o 2022 se hizo efectiva la reforma al C\u00f3digo Minero, la cual, entre varias modificaciones, indica que se deber\u00e1 transformar el sistema de coordenadas de las concesiones mineras, pasando de PSAD 56 a SIRGAS (WGS84).<\/p><p>Una modificaci\u00f3n de este tipo trae consigo m\u00faltiples riesgos y dificultades, pues no existe s\u00f3lo una forma de transformar coordenadas y ello puede afectar la ubicaci\u00f3n de tus derechos.<br \/>Por lo anterior, en CHR hemos desarrollado un servicio para apoyarte en este cambio de ley para que puedas resguardar tus activos estrat\u00e9gicos con precisi\u00f3n y respaldo cient\u00edfico.<\/p>\t\t\t\t\t\t\t\t<\/div>\n\t\t\t\t<\/div>\n\t\t\t\t\t<\/div>\n\t\t<\/div>\n\t\t\t\t\t<\/div>\n\t\t<\/section>\n\t\t\t\t<section class=\"elementor-section elementor-top-section elementor-element elementor-element-783be0b0 elementor-section-boxed elementor-section-height-default elementor-section-height-default\" data-id=\"783be0b0\" data-element_type=\"section\" data-e-type=\"section\" data-settings=\"{&quot;background_background&quot;:&quot;classic&quot;}\">\n\t\t\t\t\t\t<div class=\"elementor-container elementor-column-gap-default\">\n\t\t\t\t\t<div class=\"elementor-column elementor-col-100 elementor-top-column elementor-element elementor-element-579905ed\" data-id=\"579905ed\" data-element_type=\"column\" data-e-type=\"column\" data-settings=\"{&quot;background_background&quot;:&quot;classic&quot;}\">\n\t\t\t<div class=\"elementor-widget-wrap elementor-element-populated\">\n\t\t\t\t\t\t<div class=\"elementor-element elementor-element-7451830c elementor-widget elementor-widget-heading\" data-id=\"7451830c\" data-element_type=\"widget\" data-e-type=\"widget\" data-widget_type=\"heading.default\">\n\t\t\t\t<div class=\"elementor-widget-container\">\n\t\t\t\t\t<h2 class=\"elementor-heading-title elementor-size-default\">Beneficios<\/h2>\t\t\t\t<\/div>\n\t\t\t\t<\/div>\n\t\t\t\t<section class=\"elementor-section elementor-inner-section elementor-element elementor-element-7f8e9070 elementor-section-height-min-height elementor-section-boxed elementor-section-height-default\" data-id=\"7f8e9070\" data-element_type=\"section\" data-e-type=\"section\">\n\t\t\t\t\t\t<div class=\"elementor-container elementor-column-gap-wider\">\n\t\t\t\t\t<div class=\"elementor-column elementor-col-33 elementor-inner-column elementor-element elementor-element-7dd755c\" data-id=\"7dd755c\" data-element_type=\"column\" data-e-type=\"column\">\n\t\t\t<div class=\"elementor-widget-wrap elementor-element-populated\">\n\t\t\t\t\t\t<div class=\"elementor-element elementor-element-7ea8efc1 elementor-widget elementor-widget-text-editor\" data-id=\"7ea8efc1\" data-element_type=\"widget\" data-e-type=\"widget\" data-widget_type=\"text-editor.default\">\n\t\t\t\t<div class=\"elementor-widget-container\">\n\t\t\t\t\t\t\t\t\t1.\n\nAsegura la ubicaci\u00f3n de tus concesiones <span style=\"color: #ffffff;\"> para la continuidad ininterrumpida de tu inversi\u00f3n. <\/span>\t\t\t\t\t\t\t\t<\/div>\n\t\t\t\t<\/div>\n\t\t\t\t\t<\/div>\n\t\t<\/div>\n\t\t\t\t<div class=\"elementor-column elementor-col-33 elementor-inner-column elementor-element elementor-element-50a6d446\" data-id=\"50a6d446\" data-element_type=\"column\" data-e-type=\"column\">\n\t\t\t<div class=\"elementor-widget-wrap elementor-element-populated\">\n\t\t\t\t\t\t<div class=\"elementor-element elementor-element-3b1b0eb7 elementor-widget elementor-widget-text-editor\" data-id=\"3b1b0eb7\" data-element_type=\"widget\" data-e-type=\"widget\" data-widget_type=\"text-editor.default\">\n\t\t\t\t<div class=\"elementor-widget-container\">\n\t\t\t\t\t\t\t\t\t2.\n\nAntic\u00edpate a la implementaci\u00f3n de la reforma del C\u00f3digo Minero <span style=\"color: #ffffff;\"> para tener tus concesiones en SIRGAS con exactitud. <\/span>\t\t\t\t\t\t\t\t<\/div>\n\t\t\t\t<\/div>\n\t\t\t\t\t<\/div>\n\t\t<\/div>\n\t\t\t\t<div class=\"elementor-column elementor-col-33 elementor-inner-column elementor-element elementor-element-33b741e8\" data-id=\"33b741e8\" data-element_type=\"column\" data-e-type=\"column\">\n\t\t\t<div class=\"elementor-widget-wrap elementor-element-populated\">\n\t\t\t\t\t\t<div class=\"elementor-element elementor-element-157ea196 elementor-widget elementor-widget-text-editor\" data-id=\"157ea196\" data-element_type=\"widget\" data-e-type=\"widget\" data-widget_type=\"text-editor.default\">\n\t\t\t\t<div class=\"elementor-widget-container\">\n\t\t\t\t\t\t\t\t\t3.\n\nObt\u00e9n un respaldo t\u00e9cnico y jur\u00eddico de peso  <span style=\"color: #ffffff;\">para una posible discrepancia con las coordenadas que te asigne el servicio.<\/span>\t\t\t\t\t\t\t\t<\/div>\n\t\t\t\t<\/div>\n\t\t\t\t\t<\/div>\n\t\t<\/div>\n\t\t\t\t\t<\/div>\n\t\t<\/section>\n\t\t\t\t<div class=\"elementor-element elementor-element-44c3733c elementor-widget elementor-widget-heading\" data-id=\"44c3733c\" data-element_type=\"widget\" data-e-type=\"widget\" data-widget_type=\"heading.default\">\n\t\t\t\t<div class=\"elementor-widget-container\">\n\t\t\t\t\t<h2 class=\"elementor-heading-title elementor-size-default\">Caracter\u00edsticas<\/h2>\t\t\t\t<\/div>\n\t\t\t\t<\/div>\n\t\t\t\t<section class=\"elementor-section elementor-inner-section elementor-element elementor-element-2cc82c04 elementor-section-height-min-height elementor-section-boxed elementor-section-height-default\" data-id=\"2cc82c04\" data-element_type=\"section\" data-e-type=\"section\">\n\t\t\t\t\t\t<div class=\"elementor-container elementor-column-gap-wider\">\n\t\t\t\t\t<div class=\"elementor-column elementor-col-33 elementor-inner-column elementor-element elementor-element-91d0d22\" data-id=\"91d0d22\" data-element_type=\"column\" data-e-type=\"column\">\n\t\t\t<div class=\"elementor-widget-wrap elementor-element-populated\">\n\t\t\t\t\t\t<div class=\"elementor-element elementor-element-b99f805 elementor-widget elementor-widget-text-editor\" data-id=\"b99f805\" data-element_type=\"widget\" data-e-type=\"widget\" data-widget_type=\"text-editor.default\">\n\t\t\t\t<div class=\"elementor-widget-container\">\n\t\t\t\t\t\t\t\t\t<p>Categorizaci\u00f3n de activos mineros<\/p>\t\t\t\t\t\t\t\t<\/div>\n\t\t\t\t<\/div>\n\t\t\t\t<div class=\"elementor-element elementor-element-5430bdcc elementor-widget elementor-widget-text-editor\" data-id=\"5430bdcc\" data-element_type=\"widget\" data-e-type=\"widget\" data-widget_type=\"text-editor.default\">\n\t\t\t\t<div class=\"elementor-widget-container\">\n\t\t\t\t\t\t\t\t\t<p>Segmentaci\u00f3n y caracterizaci\u00f3n de activos mineros del cliente seg\u00fan zona, uso y relevancia.<\/p>\t\t\t\t\t\t\t\t<\/div>\n\t\t\t\t<\/div>\n\t\t\t\t<div class=\"elementor-element elementor-element-8c6e901 elementor-widget-divider--view-line elementor-widget elementor-widget-divider\" data-id=\"8c6e901\" data-element_type=\"widget\" data-e-type=\"widget\" data-widget_type=\"divider.default\">\n\t\t\t\t<div class=\"elementor-widget-container\">\n\t\t\t\t\t\t\t<div class=\"elementor-divider\">\n\t\t\t<span class=\"elementor-divider-separator\">\n\t\t\t\t\t\t<\/span>\n\t\t<\/div>\n\t\t\t\t\t\t<\/div>\n\t\t\t\t<\/div>\n\t\t\t\t<div class=\"elementor-element elementor-element-bf7d953 elementor-widget elementor-widget-text-editor\" data-id=\"bf7d953\" data-element_type=\"widget\" data-e-type=\"widget\" data-widget_type=\"text-editor.default\">\n\t\t\t\t<div class=\"elementor-widget-container\">\n\t\t\t\t\t\t\t\t\t<p>Campa\u00f1a de mediciones en terreno<\/p>\t\t\t\t\t\t\t\t<\/div>\n\t\t\t\t<\/div>\n\t\t\t\t<div class=\"elementor-element elementor-element-a7137a5 elementor-widget elementor-widget-text-editor\" data-id=\"a7137a5\" data-element_type=\"widget\" data-e-type=\"widget\" data-widget_type=\"text-editor.default\">\n\t\t\t\t<div class=\"elementor-widget-container\">\n\t\t\t\t\t\t\t\t\t<p>Usando GPS de \u00faltima generaci\u00f3n y equipos especializados, realizamos visitas a terreno para efectuar mediciones de manera precisa, eficiente y en ubicaciones estrat\u00e9gicas..<\/p>\t\t\t\t\t\t\t\t<\/div>\n\t\t\t\t<\/div>\n\t\t\t\t\t<\/div>\n\t\t<\/div>\n\t\t\t\t<div class=\"elementor-column elementor-col-33 elementor-inner-column elementor-element elementor-element-6f322ab4\" data-id=\"6f322ab4\" data-element_type=\"column\" data-e-type=\"column\">\n\t\t\t<div class=\"elementor-widget-wrap elementor-element-populated\">\n\t\t\t\t\t\t<div class=\"elementor-element elementor-element-396c5e6d elementor-widget elementor-widget-text-editor\" data-id=\"396c5e6d\" data-element_type=\"widget\" data-e-type=\"widget\" data-widget_type=\"text-editor.default\">\n\t\t\t\t<div class=\"elementor-widget-container\">\n\t\t\t\t\t\t\t\t\t<p>Modelo de transformaci\u00f3n de coordenadas<\/p>\t\t\t\t\t\t\t\t<\/div>\n\t\t\t\t<\/div>\n\t\t\t\t<div class=\"elementor-element elementor-element-c27ee0c elementor-widget elementor-widget-text-editor\" data-id=\"c27ee0c\" data-element_type=\"widget\" data-e-type=\"widget\" data-widget_type=\"text-editor.default\">\n\t\t\t\t<div class=\"elementor-widget-container\">\n\t\t\t\t\t\t\t\t\t<p>A trav\u00e9s de metodolog\u00edas geod\u00e9sicas revisadas, transformamos la totalidad de los activos mineros de tu compa\u00f1\u00eda, comparamos y validamos todas las transformaciones.<\/p>\t\t\t\t\t\t\t\t<\/div>\n\t\t\t\t<\/div>\n\t\t\t\t<div class=\"elementor-element elementor-element-27492d3e elementor-widget-divider--view-line elementor-widget elementor-widget-divider\" data-id=\"27492d3e\" data-element_type=\"widget\" data-e-type=\"widget\" data-widget_type=\"divider.default\">\n\t\t\t\t<div class=\"elementor-widget-container\">\n\t\t\t\t\t\t\t<div class=\"elementor-divider\">\n\t\t\t<span class=\"elementor-divider-separator\">\n\t\t\t\t\t\t<\/span>\n\t\t<\/div>\n\t\t\t\t\t\t<\/div>\n\t\t\t\t<\/div>\n\t\t\t\t<div class=\"elementor-element elementor-element-17add4cb elementor-widget elementor-widget-text-editor\" data-id=\"17add4cb\" data-element_type=\"widget\" data-e-type=\"widget\" data-widget_type=\"text-editor.default\">\n\t\t\t\t<div class=\"elementor-widget-container\">\n\t\t\t\t\t\t\t\t\t<p>Respaldos t\u00e9cnico-jur\u00eddicos<\/p>\t\t\t\t\t\t\t\t<\/div>\n\t\t\t\t<\/div>\n\t\t\t\t<div class=\"elementor-element elementor-element-6fe660a elementor-widget elementor-widget-text-editor\" data-id=\"6fe660a\" data-element_type=\"widget\" data-e-type=\"widget\" data-widget_type=\"text-editor.default\">\n\t\t\t\t<div class=\"elementor-widget-container\">\n\t\t\t\t\t\t\t\t\t<p>Para comparar y defender tus concesiones bajo este nuevo sistema de coordenadas, te proporcionamos los respaldos t\u00e9cnico-jur\u00eddicos para apelar con robustez y ciencia.<\/p>\t\t\t\t\t\t\t\t<\/div>\n\t\t\t\t<\/div>\n\t\t\t\t\t<\/div>\n\t\t<\/div>\n\t\t\t\t<div class=\"elementor-column elementor-col-33 elementor-inner-column elementor-element elementor-element-1cf07a5c\" data-id=\"1cf07a5c\" data-element_type=\"column\" data-e-type=\"column\">\n\t\t\t<div class=\"elementor-widget-wrap elementor-element-populated\">\n\t\t\t\t\t\t<div class=\"elementor-element elementor-element-1a40e7a8 elementor-widget elementor-widget-text-editor\" data-id=\"1a40e7a8\" data-element_type=\"widget\" data-e-type=\"widget\" data-widget_type=\"text-editor.default\">\n\t\t\t\t<div class=\"elementor-widget-container\">\n\t\t\t\t\t\t\t\t\t<p>Portafolio de concesiones mineras en SIRGAS<\/p>\t\t\t\t\t\t\t\t<\/div>\n\t\t\t\t<\/div>\n\t\t\t\t<div class=\"elementor-element elementor-element-7b8dceb elementor-widget elementor-widget-text-editor\" data-id=\"7b8dceb\" data-element_type=\"widget\" data-e-type=\"widget\" data-widget_type=\"text-editor.default\">\n\t\t\t\t<div class=\"elementor-widget-container\">\n\t\t\t\t\t\t\t\t\t<p>Finalmente, obt\u00e9n tu portafolio de activos mineros para el nuevo Datum requerido por la autoridad, que adem\u00e1s es el est\u00e1ndar mundial.<\/p>\t\t\t\t\t\t\t\t<\/div>\n\t\t\t\t<\/div>\n\t\t\t\t\t<\/div>\n\t\t<\/div>\n\t\t\t\t\t<\/div>\n\t\t<\/section>\n\t\t\t\t\t<\/div>\n\t\t<\/div>\n\t\t\t\t\t<\/div>\n\t\t<\/section>\n\t\t\t\t<\/div>\n\t\t","protected":false},"excerpt":{"rendered":"<p>Cambio de Datum: Reforma C\u00f3digo Minero Mant\u00e9n la certeza jur\u00eddica de la ubicaci\u00f3n estrat\u00e9gica de tus concesiones. El 4 de febrero del a\u00f1o 2022 se hizo efectiva la reforma al C\u00f3digo Minero, la cual, entre varias modificaciones, indica que se deber\u00e1 transformar el sistema de coordenadas de las concesiones mineras, pasando de PSAD 56 a [&hellip;]<\/p>\n","protected":false},"author":1,"featured_media":0,"parent":0,"menu_order":0,"comment_status":"closed","ping_status":"closed","template":"elementor_header_footer","meta":{"footnotes":""},"class_list":["post-1100","page","type-page","status-publish","hentry"],"yoast_head":"<!-- This site is optimized with the Yoast SEO plugin v27.5 - https:\/\/yoast.com\/product\/yoast-seo-wordpress\/ -->\n<title>Cambio de Datum: Reforma C\u00f3digo Minero - CHR Chile Registros<\/title>\n<meta name=\"robots\" content=\"index, follow, max-snippet:-1, max-image-preview:large, max-video-preview:-1\" \/>\n<link rel=\"canonical\" href=\"https:\/\/lscp.onl\/chr\/cambio-de-datum-reforma-codigo-minero\/\" \/>\n<meta property=\"og:locale\" content=\"en_US\" \/>\n<meta property=\"og:type\" content=\"article\" \/>\n<meta property=\"og:title\" content=\"Cambio de Datum: Reforma C\u00f3digo Minero - CHR Chile Registros\" \/>\n<meta property=\"og:description\" content=\"Cambio de Datum: Reforma C\u00f3digo Minero Mant\u00e9n la certeza jur\u00eddica de la ubicaci\u00f3n estrat\u00e9gica de tus concesiones. El 4 de febrero del a\u00f1o 2022 se hizo efectiva la reforma al C\u00f3digo Minero, la cual, entre varias modificaciones, indica que se deber\u00e1 transformar el sistema de coordenadas de las concesiones mineras, pasando de PSAD 56 a [&hellip;]\" \/>\n<meta property=\"og:url\" content=\"https:\/\/lscp.onl\/chr\/cambio-de-datum-reforma-codigo-minero\/\" \/>\n<meta property=\"og:site_name\" content=\"CHR Chile Registros\" \/>\n<meta property=\"article:modified_time\" content=\"2025-07-10T20:20:15+00:00\" \/>\n<meta name=\"twitter:card\" content=\"summary_large_image\" \/>\n<meta name=\"twitter:label1\" content=\"Est. reading time\" \/>\n\t<meta name=\"twitter:data1\" content=\"2 minutes\" \/>\n<script type=\"application\/ld+json\" class=\"yoast-schema-graph\">{\"@context\":\"https:\\\/\\\/schema.org\",\"@graph\":[{\"@type\":\"WebPage\",\"@id\":\"https:\\\/\\\/lscp.onl\\\/chr\\\/cambio-de-datum-reforma-codigo-minero\\\/\",\"url\":\"https:\\\/\\\/lscp.onl\\\/chr\\\/cambio-de-datum-reforma-codigo-minero\\\/\",\"name\":\"Cambio de Datum: Reforma C\u00f3digo Minero - CHR Chile Registros\",\"isPartOf\":{\"@id\":\"https:\\\/\\\/lscp.onl\\\/chr\\\/#website\"},\"datePublished\":\"2025-01-09T19:24:39+00:00\",\"dateModified\":\"2025-07-10T20:20:15+00:00\",\"breadcrumb\":{\"@id\":\"https:\\\/\\\/lscp.onl\\\/chr\\\/cambio-de-datum-reforma-codigo-minero\\\/#breadcrumb\"},\"inLanguage\":\"en-US\",\"potentialAction\":[{\"@type\":\"ReadAction\",\"target\":[\"https:\\\/\\\/lscp.onl\\\/chr\\\/cambio-de-datum-reforma-codigo-minero\\\/\"]}]},{\"@type\":\"BreadcrumbList\",\"@id\":\"https:\\\/\\\/lscp.onl\\\/chr\\\/cambio-de-datum-reforma-codigo-minero\\\/#breadcrumb\",\"itemListElement\":[{\"@type\":\"ListItem\",\"position\":1,\"name\":\"Home\",\"item\":\"https:\\\/\\\/lscp.onl\\\/chr\\\/\"},{\"@type\":\"ListItem\",\"position\":2,\"name\":\"Cambio de Datum: Reforma C\u00f3digo Minero\"}]},{\"@type\":\"WebSite\",\"@id\":\"https:\\\/\\\/lscp.onl\\\/chr\\\/#website\",\"url\":\"https:\\\/\\\/lscp.onl\\\/chr\\\/\",\"name\":\"CHR Chile Registros\",\"description\":\"\",\"publisher\":{\"@id\":\"https:\\\/\\\/lscp.onl\\\/chr\\\/#organization\"},\"potentialAction\":[{\"@type\":\"SearchAction\",\"target\":{\"@type\":\"EntryPoint\",\"urlTemplate\":\"https:\\\/\\\/lscp.onl\\\/chr\\\/?s={search_term_string}\"},\"query-input\":{\"@type\":\"PropertyValueSpecification\",\"valueRequired\":true,\"valueName\":\"search_term_string\"}}],\"inLanguage\":\"en-US\"},{\"@type\":\"Organization\",\"@id\":\"https:\\\/\\\/lscp.onl\\\/chr\\\/#organization\",\"name\":\"CHR Chile Registros\",\"url\":\"https:\\\/\\\/lscp.onl\\\/chr\\\/\",\"logo\":{\"@type\":\"ImageObject\",\"inLanguage\":\"en-US\",\"@id\":\"https:\\\/\\\/lscp.onl\\\/chr\\\/#\\\/schema\\\/logo\\\/image\\\/\",\"url\":\"https:\\\/\\\/lscp.onl\\\/chr\\\/wp-content\\\/uploads\\\/2024\\\/06\\\/chr-animales-territoriales.svg\",\"contentUrl\":\"https:\\\/\\\/lscp.onl\\\/chr\\\/wp-content\\\/uploads\\\/2024\\\/06\\\/chr-animales-territoriales.svg\",\"width\":244,\"height\":88,\"caption\":\"CHR Chile Registros\"},\"image\":{\"@id\":\"https:\\\/\\\/lscp.onl\\\/chr\\\/#\\\/schema\\\/logo\\\/image\\\/\"},\"sameAs\":[\"https:\\\/\\\/www.linkedin.com\\\/company\\\/chr-chileregistros\\\/\"]}]}<\/script>\n<!-- \/ Yoast SEO plugin. -->","yoast_head_json":{"title":"Cambio de Datum: Reforma C\u00f3digo Minero - CHR Chile Registros","robots":{"index":"index","follow":"follow","max-snippet":"max-snippet:-1","max-image-preview":"max-image-preview:large","max-video-preview":"max-video-preview:-1"},"canonical":"https:\/\/lscp.onl\/chr\/cambio-de-datum-reforma-codigo-minero\/","og_locale":"en_US","og_type":"article","og_title":"Cambio de Datum: Reforma C\u00f3digo Minero - CHR Chile Registros","og_description":"Cambio de Datum: Reforma C\u00f3digo Minero Mant\u00e9n la certeza jur\u00eddica de la ubicaci\u00f3n estrat\u00e9gica de tus concesiones. El 4 de febrero del a\u00f1o 2022 se hizo efectiva la reforma al C\u00f3digo Minero, la cual, entre varias modificaciones, indica que se deber\u00e1 transformar el sistema de coordenadas de las concesiones mineras, pasando de PSAD 56 a [&hellip;]","og_url":"https:\/\/lscp.onl\/chr\/cambio-de-datum-reforma-codigo-minero\/","og_site_name":"CHR Chile Registros","article_modified_time":"2025-07-10T20:20:15+00:00","twitter_card":"summary_large_image","twitter_misc":{"Est. reading time":"2 minutes"},"schema":{"@context":"https:\/\/schema.org","@graph":[{"@type":"WebPage","@id":"https:\/\/lscp.onl\/chr\/cambio-de-datum-reforma-codigo-minero\/","url":"https:\/\/lscp.onl\/chr\/cambio-de-datum-reforma-codigo-minero\/","name":"Cambio de Datum: Reforma C\u00f3digo Minero - CHR Chile Registros","isPartOf":{"@id":"https:\/\/lscp.onl\/chr\/#website"},"datePublished":"2025-01-09T19:24:39+00:00","dateModified":"2025-07-10T20:20:15+00:00","breadcrumb":{"@id":"https:\/\/lscp.onl\/chr\/cambio-de-datum-reforma-codigo-minero\/#breadcrumb"},"inLanguage":"en-US","potentialAction":[{"@type":"ReadAction","target":["https:\/\/lscp.onl\/chr\/cambio-de-datum-reforma-codigo-minero\/"]}]},{"@type":"BreadcrumbList","@id":"https:\/\/lscp.onl\/chr\/cambio-de-datum-reforma-codigo-minero\/#breadcrumb","itemListElement":[{"@type":"ListItem","position":1,"name":"Home","item":"https:\/\/lscp.onl\/chr\/"},{"@type":"ListItem","position":2,"name":"Cambio de Datum: Reforma C\u00f3digo Minero"}]},{"@type":"WebSite","@id":"https:\/\/lscp.onl\/chr\/#website","url":"https:\/\/lscp.onl\/chr\/","name":"CHR Chile Registros","description":"","publisher":{"@id":"https:\/\/lscp.onl\/chr\/#organization"},"potentialAction":[{"@type":"SearchAction","target":{"@type":"EntryPoint","urlTemplate":"https:\/\/lscp.onl\/chr\/?s={search_term_string}"},"query-input":{"@type":"PropertyValueSpecification","valueRequired":true,"valueName":"search_term_string"}}],"inLanguage":"en-US"},{"@type":"Organization","@id":"https:\/\/lscp.onl\/chr\/#organization","name":"CHR Chile Registros","url":"https:\/\/lscp.onl\/chr\/","logo":{"@type":"ImageObject","inLanguage":"en-US","@id":"https:\/\/lscp.onl\/chr\/#\/schema\/logo\/image\/","url":"https:\/\/lscp.onl\/chr\/wp-content\/uploads\/2024\/06\/chr-animales-territoriales.svg","contentUrl":"https:\/\/lscp.onl\/chr\/wp-content\/uploads\/2024\/06\/chr-animales-territoriales.svg","width":244,"height":88,"caption":"CHR Chile Registros"},"image":{"@id":"https:\/\/lscp.onl\/chr\/#\/schema\/logo\/image\/"},"sameAs":["https:\/\/www.linkedin.com\/company\/chr-chileregistros\/"]}]}},"_links":{"self":[{"href":"https:\/\/lscp.onl\/chr\/wp-json\/wp\/v2\/pages\/1100","targetHints":{"allow":["GET"]}}],"collection":[{"href":"https:\/\/lscp.onl\/chr\/wp-json\/wp\/v2\/pages"}],"about":[{"href":"https:\/\/lscp.onl\/chr\/wp-json\/wp\/v2\/types\/page"}],"author":[{"embeddable":true,"href":"https:\/\/lscp.onl\/chr\/wp-json\/wp\/v2\/users\/1"}],"replies":[{"embeddable":true,"href":"https:\/\/lscp.onl\/chr\/wp-json\/wp\/v2\/comments?post=1100"}],"version-history":[{"count":34,"href":"https:\/\/lscp.onl\/chr\/wp-json\/wp\/v2\/pages\/1100\/revisions"}],"predecessor-version":[{"id":1646,"href":"https:\/\/lscp.onl\/chr\/wp-json\/wp\/v2\/pages\/1100\/revisions\/1646"}],"wp:attachment":[{"href":"https:\/\/lscp.onl\/chr\/wp-json\/wp\/v2\/media?parent=1100"}],"curies":[{"name":"wp","href":"https:\/\/api.w.org\/{rel}","templated":true}]}}