{"id":1198,"date":"2025-03-10T13:00:23","date_gmt":"2025-03-10T13:00:23","guid":{"rendered":"https:\/\/lscp.onl\/chr\/?page_id=1198"},"modified":"2025-04-25T13:50:25","modified_gmt":"2025-04-25T13:50:25","slug":"el-podcast-del-territorio","status":"publish","type":"page","link":"https:\/\/lscp.onl\/chr\/el-podcast-del-territorio\/","title":{"rendered":"El Podcast del Territorio"},"content":{"rendered":"\t\t<div data-elementor-type=\"wp-page\" data-elementor-id=\"1198\" class=\"elementor elementor-1198\" data-elementor-post-type=\"page\">\n\t\t\t\t\t\t<section class=\"elementor-section elementor-top-section elementor-element elementor-element-70dfc71 elementor-section-height-min-height elementor-section-boxed elementor-section-height-default elementor-section-items-middle\" data-id=\"70dfc71\" data-element_type=\"section\" data-e-type=\"section\" data-settings=\"{&quot;background_background&quot;:&quot;classic&quot;}\">\n\t\t\t\t\t\t\t<div class=\"elementor-background-overlay\"><\/div>\n\t\t\t\t\t\t\t<div class=\"elementor-container elementor-column-gap-default\">\n\t\t\t\t\t<div class=\"elementor-column elementor-col-100 elementor-top-column elementor-element elementor-element-253d3550\" data-id=\"253d3550\" data-element_type=\"column\" data-e-type=\"column\">\n\t\t\t<div class=\"elementor-widget-wrap elementor-element-populated\">\n\t\t\t\t\t\t<section class=\"elementor-section elementor-inner-section elementor-element elementor-element-45bb8173 elementor-section-boxed elementor-section-height-default elementor-section-height-default\" data-id=\"45bb8173\" data-element_type=\"section\" data-e-type=\"section\">\n\t\t\t\t\t\t<div class=\"elementor-container elementor-column-gap-default\">\n\t\t\t\t\t<div class=\"elementor-column elementor-col-100 elementor-inner-column elementor-element elementor-element-4f35a313\" data-id=\"4f35a313\" data-element_type=\"column\" data-e-type=\"column\">\n\t\t\t<div class=\"elementor-widget-wrap elementor-element-populated\">\n\t\t\t\t\t\t<div class=\"elementor-element elementor-element-77d4a8d elementor-widget elementor-widget-image\" data-id=\"77d4a8d\" data-element_type=\"widget\" data-e-type=\"widget\" data-widget_type=\"image.default\">\n\t\t\t\t<div class=\"elementor-widget-container\">\n\t\t\t\t\t\t\t\t\t\t\t\t\t\t\t<img fetchpriority=\"high\" decoding=\"async\" width=\"642\" height=\"306\" src=\"https:\/\/lscp.onl\/chr\/wp-content\/uploads\/2025\/03\/logo-PDT.png\" class=\"attachment-large size-large wp-image-1204\" alt=\"\" srcset=\"https:\/\/lscp.onl\/chr\/wp-content\/uploads\/2025\/03\/logo-PDT.png 642w, https:\/\/lscp.onl\/chr\/wp-content\/uploads\/2025\/03\/logo-PDT-300x143.png 300w\" sizes=\"(max-width: 642px) 100vw, 642px\" \/>\t\t\t\t\t\t\t\t\t\t\t\t\t\t\t<\/div>\n\t\t\t\t<\/div>\n\t\t\t\t\t<\/div>\n\t\t<\/div>\n\t\t\t\t\t<\/div>\n\t\t<\/section>\n\t\t\t\t\t<\/div>\n\t\t<\/div>\n\t\t\t\t\t<\/div>\n\t\t<\/section>\n\t\t\t\t<section class=\"elementor-section elementor-top-section elementor-element elementor-element-5f5c82f8 elementor-section-boxed elementor-section-height-default elementor-section-height-default\" data-id=\"5f5c82f8\" data-element_type=\"section\" data-e-type=\"section\">\n\t\t\t\t\t\t<div class=\"elementor-container elementor-column-gap-default\">\n\t\t\t\t\t<div class=\"elementor-column elementor-col-100 elementor-top-column elementor-element elementor-element-6b0c5760\" data-id=\"6b0c5760\" data-element_type=\"column\" data-e-type=\"column\">\n\t\t\t<div class=\"elementor-widget-wrap elementor-element-populated\">\n\t\t\t\t\t\t<div class=\"elementor-element elementor-element-3ba7d4c7 elementor-widget elementor-widget-text-editor\" data-id=\"3ba7d4c7\" data-element_type=\"widget\" data-e-type=\"widget\" data-widget_type=\"text-editor.default\">\n\t\t\t\t<div class=\"elementor-widget-container\">\n\t\t\t\t\t\t\t\t\t<p>El Podcast del Territorio es un espacio de di\u00e1logo y reflexi\u00f3n sobre los desaf\u00edos y mejores pr\u00e1cticas para el desarrollo de proyectos y la conservaci\u00f3n del medio ambiente. Exploramos c\u00f3mo llevar a cabo iniciativas en armon\u00eda con el ecosistema, integrando tecnolog\u00edas innovadoras como los sistemas de informaci\u00f3n geogr\u00e1fica (GIS) y la inteligencia artificial, mientras destacamos casos de \u00e9xito.<br \/>A trav\u00e9s de entrevistas con l\u00edderes del sector, compartimos experiencias y soluciones que promueven un desarrollo m\u00e1s sostenible y eficiente.<\/p><p><span style=\"color: #defe14;\"><a class=\"sus-link\" style=\"color: #defe14;\" href=\"#sus\">Suscr\u00edbete<\/a>\u00a0<\/span>para descubrir las \u00faltimas tendencias y aprender c\u00f3mo transformar proyectos respetando el medio ambiente y el contexto territorial.<\/p>\t\t\t\t\t\t\t\t<\/div>\n\t\t\t\t<\/div>\n\t\t\t\t\t<\/div>\n\t\t<\/div>\n\t\t\t\t\t<\/div>\n\t\t<\/section>\n\t\t\t\t<section class=\"elementor-section elementor-top-section elementor-element elementor-element-24133a7 elementor-section-boxed elementor-section-height-default elementor-section-height-default\" data-id=\"24133a7\" data-element_type=\"section\" data-e-type=\"section\">\n\t\t\t\t\t\t<div class=\"elementor-container elementor-column-gap-default\">\n\t\t\t\t\t<div class=\"elementor-column elementor-col-100 elementor-top-column elementor-element elementor-element-58e94b3\" data-id=\"58e94b3\" data-element_type=\"column\" data-e-type=\"column\">\n\t\t\t<div class=\"elementor-widget-wrap elementor-element-populated\">\n\t\t\t\t\t\t<div class=\"elementor-element elementor-element-3cd5274 elementor-widget elementor-widget-shortcode\" data-id=\"3cd5274\" data-element_type=\"widget\" data-e-type=\"widget\" data-widget_type=\"shortcode.default\">\n\t\t\t\t<div class=\"elementor-widget-container\">\n\t\t\t\t\t\t\t<div class=\"elementor-shortcode\"><div class=\"ayg ayg-error\">Error 404 The playlist identified with the request's <code>playlistId<\/code> parameter cannot be found. : playlistNotFound<\/div><\/div>\n\t\t\t\t\t\t<\/div>\n\t\t\t\t<\/div>\n\t\t\t\t\t<\/div>\n\t\t<\/div>\n\t\t\t\t\t<\/div>\n\t\t<\/section>\n\t\t\t\t<section class=\"elementor-section elementor-top-section elementor-element elementor-element-99fc8ec elementor-section-content-middle elementor-section-boxed elementor-section-height-default elementor-section-height-default\" data-id=\"99fc8ec\" data-element_type=\"section\" data-e-type=\"section\" id=\"sus\" data-settings=\"{&quot;background_background&quot;:&quot;classic&quot;}\">\n\t\t\t\t\t\t<div class=\"elementor-container elementor-column-gap-default\">\n\t\t\t\t\t<div class=\"elementor-column elementor-col-50 elementor-top-column elementor-element elementor-element-a1c49e5\" data-id=\"a1c49e5\" data-element_type=\"column\" data-e-type=\"column\">\n\t\t\t<div class=\"elementor-widget-wrap elementor-element-populated\">\n\t\t\t\t\t\t<div class=\"elementor-element elementor-element-59d71eb elementor-widget elementor-widget-heading\" data-id=\"59d71eb\" data-element_type=\"widget\" data-e-type=\"widget\" data-widget_type=\"heading.default\">\n\t\t\t\t<div class=\"elementor-widget-container\">\n\t\t\t\t\t<h2 class=\"elementor-heading-title elementor-size-default\">Suscr\u00edbete<\/h2>\t\t\t\t<\/div>\n\t\t\t\t<\/div>\n\t\t\t\t<div class=\"elementor-element elementor-element-b90f791 elementor-widget elementor-widget-shortcode\" data-id=\"b90f791\" data-element_type=\"widget\" data-e-type=\"widget\" data-widget_type=\"shortcode.default\">\n\t\t\t\t<div class=\"elementor-widget-container\">\n\t\t\t\t\t\t\t<div class=\"elementor-shortcode\"><script>(function() {\n\twindow.mc4wp = window.mc4wp || {\n\t\tlisteners: [],\n\t\tforms: {\n\t\t\ton: function(evt, cb) {\n\t\t\t\twindow.mc4wp.listeners.push(\n\t\t\t\t\t{\n\t\t\t\t\t\tevent   : evt,\n\t\t\t\t\t\tcallback: cb\n\t\t\t\t\t}\n\t\t\t\t);\n\t\t\t}\n\t\t}\n\t}\n})();\n<\/script><!-- Mailchimp for WordPress v4.12.2 - https:\/\/wordpress.org\/plugins\/mailchimp-for-wp\/ --><form id=\"mc4wp-form-1\" class=\"mc4wp-form mc4wp-form-1246\" method=\"post\" data-id=\"1246\" data-name=\"Suscr\u00edbete al Podcast del Territorio\" ><div class=\"mc4wp-form-fields\"><p>\r\n  \r\n  Recibe en tu correo los nuevos episodios, entrevistas exclusivas y noticias clave sobre el territorio, las comunidades y los proyectos que lo transforman.<br><br>\r\n  \r\n  \r\n  \r\n  \r\n    <label>Nombre<\/label>\r\n    <input type=\"text\" name=\"FNAME\" required=\"\">\r\n<\/p>\r\n<p>\r\n    <label>Apellido<\/label>\r\n    <input type=\"text\" name=\"LNAME\" required=\"\">\r\n<\/p>\r\n<p>\r\n\t<label for=\"email\">Email: \r\n\t\t<input type=\"email\" id=\"email\" name=\"EMAIL\" placeholder=\"\" required>\r\n\t<\/label>\r\n<\/p>\r\n\r\n<p>\r\n\t<input type=\"submit\" value=\"Suscribirme\">\r\n<\/p><\/div><label style=\"display: none !important;\">Leave this field empty if you're human: <input type=\"text\" name=\"_mc4wp_honeypot\" value=\"\" tabindex=\"-1\" autocomplete=\"off\" \/><\/label><input type=\"hidden\" name=\"_mc4wp_timestamp\" value=\"1777729745\" \/><input type=\"hidden\" name=\"_mc4wp_form_id\" value=\"1246\" \/><input type=\"hidden\" name=\"_mc4wp_form_element_id\" value=\"mc4wp-form-1\" \/><div class=\"mc4wp-response\"><\/div><\/form><!-- \/ Mailchimp for WordPress Plugin --><\/div>\n\t\t\t\t\t\t<\/div>\n\t\t\t\t<\/div>\n\t\t\t\t\t<\/div>\n\t\t<\/div>\n\t\t\t\t<div class=\"elementor-column elementor-col-50 elementor-top-column elementor-element elementor-element-55a627f\" data-id=\"55a627f\" data-element_type=\"column\" data-e-type=\"column\">\n\t\t\t<div class=\"elementor-widget-wrap elementor-element-populated\">\n\t\t\t\t\t\t<div class=\"elementor-element elementor-element-e69ff08 elementor-widget elementor-widget-text-editor\" data-id=\"e69ff08\" data-element_type=\"widget\" data-e-type=\"widget\" data-widget_type=\"text-editor.default\">\n\t\t\t\t<div class=\"elementor-widget-container\">\n\t\t\t\t\t\t\t\t\t<p>Postula para ser entrevistado<\/p>\t\t\t\t\t\t\t\t<\/div>\n\t\t\t\t<\/div>\n\t\t\t\t<div class=\"elementor-element elementor-element-3404769 elementor-icon-list--layout-inline elementor-align-center elementor-list-item-link-full_width elementor-widget elementor-widget-icon-list\" data-id=\"3404769\" data-element_type=\"widget\" data-e-type=\"widget\" data-widget_type=\"icon-list.default\">\n\t\t\t\t<div class=\"elementor-widget-container\">\n\t\t\t\t\t\t\t<ul class=\"elementor-icon-list-items elementor-inline-items\">\n\t\t\t\t\t\t\t<li class=\"elementor-icon-list-item elementor-inline-item\">\n\t\t\t\t\t\t\t\t\t\t\t<a href=\"https:\/\/docs.google.com\/forms\/d\/e\/1FAIpQLScFKvBGY1_gp8oVyMuZRkeaW45aKFe2u_Ve6zQUboihjtIFxg\/viewform\">\n\n\t\t\t\t\t\t\t\t\t\t\t\t<span class=\"elementor-icon-list-icon\">\n\t\t\t\t\t\t\t<svg aria-hidden=\"true\" class=\"e-font-icon-svg e-fas-user-check\" viewBox=\"0 0 640 512\" xmlns=\"http:\/\/www.w3.org\/2000\/svg\"><path d=\"M224 256c70.7 0 128-57.3 128-128S294.7 0 224 0 96 57.3 96 128s57.3 128 128 128zm89.6 32h-16.7c-22.2 10.2-46.9 16-72.9 16s-50.6-5.8-72.9-16h-16.7C60.2 288 0 348.2 0 422.4V464c0 26.5 21.5 48 48 48h352c26.5 0 48-21.5 48-48v-41.6c0-74.2-60.2-134.4-134.4-134.4zm323-128.4l-27.8-28.1c-4.6-4.7-12.1-4.7-16.8-.1l-104.8 104-45.5-45.8c-4.6-4.7-12.1-4.7-16.8-.1l-28.1 27.9c-4.7 4.6-4.7 12.1-.1 16.8l81.7 82.3c4.6 4.7 12.1 4.7 16.8.1l141.3-140.2c4.6-4.7 4.7-12.2.1-16.8z\"><\/path><\/svg>\t\t\t\t\t\t<\/span>\n\t\t\t\t\t\t\t\t\t\t<span class=\"elementor-icon-list-text\">Postula<\/span>\n\t\t\t\t\t\t\t\t\t\t\t<\/a>\n\t\t\t\t\t\t\t\t\t<\/li>\n\t\t\t\t\t\t<\/ul>\n\t\t\t\t\t\t<\/div>\n\t\t\t\t<\/div>\n\t\t\t\t\t<\/div>\n\t\t<\/div>\n\t\t\t\t\t<\/div>\n\t\t<\/section>\n\t\t\t\t<\/div>\n\t\t","protected":false},"excerpt":{"rendered":"<p>El Podcast del Territorio es un espacio de di\u00e1logo y reflexi\u00f3n sobre los desaf\u00edos y mejores pr\u00e1cticas para el desarrollo de proyectos y la conservaci\u00f3n del medio ambiente. Exploramos c\u00f3mo llevar a cabo iniciativas en armon\u00eda con el ecosistema, integrando tecnolog\u00edas innovadoras como los sistemas de informaci\u00f3n geogr\u00e1fica (GIS) y la inteligencia artificial, mientras destacamos [&hellip;]<\/p>\n","protected":false},"author":1,"featured_media":0,"parent":0,"menu_order":0,"comment_status":"closed","ping_status":"closed","template":"elementor_header_footer","meta":{"footnotes":""},"class_list":["post-1198","page","type-page","status-publish","hentry"],"yoast_head":"<!-- This site is optimized with the Yoast SEO plugin v27.5 - https:\/\/yoast.com\/product\/yoast-seo-wordpress\/ -->\n<title>El Podcast del Territorio - CHR Chile Registros<\/title>\n<meta name=\"robots\" content=\"index, follow, max-snippet:-1, max-image-preview:large, max-video-preview:-1\" \/>\n<link rel=\"canonical\" href=\"https:\/\/lscp.onl\/chr\/el-podcast-del-territorio\/\" \/>\n<meta property=\"og:locale\" content=\"en_US\" \/>\n<meta property=\"og:type\" content=\"article\" \/>\n<meta property=\"og:title\" content=\"El Podcast del Territorio - CHR Chile Registros\" \/>\n<meta property=\"og:description\" content=\"El Podcast del Territorio es un espacio de di\u00e1logo y reflexi\u00f3n sobre los desaf\u00edos y mejores pr\u00e1cticas para el desarrollo de proyectos y la conservaci\u00f3n del medio ambiente. Exploramos c\u00f3mo llevar a cabo iniciativas en armon\u00eda con el ecosistema, integrando tecnolog\u00edas innovadoras como los sistemas de informaci\u00f3n geogr\u00e1fica (GIS) y la inteligencia artificial, mientras destacamos [&hellip;]\" \/>\n<meta property=\"og:url\" content=\"https:\/\/lscp.onl\/chr\/el-podcast-del-territorio\/\" \/>\n<meta property=\"og:site_name\" content=\"CHR Chile Registros\" \/>\n<meta property=\"article:modified_time\" content=\"2025-04-25T13:50:25+00:00\" \/>\n<meta property=\"og:image\" content=\"https:\/\/lscp.onl\/chr\/wp-content\/uploads\/2025\/03\/logo-PDT.png\" \/>\n\t<meta property=\"og:image:width\" content=\"642\" \/>\n\t<meta property=\"og:image:height\" content=\"306\" \/>\n\t<meta property=\"og:image:type\" content=\"image\/png\" \/>\n<meta name=\"twitter:card\" content=\"summary_large_image\" \/>\n<meta name=\"twitter:label1\" content=\"Est. reading time\" \/>\n\t<meta name=\"twitter:data1\" content=\"1 minute\" \/>\n<script type=\"application\/ld+json\" class=\"yoast-schema-graph\">{\"@context\":\"https:\\\/\\\/schema.org\",\"@graph\":[{\"@type\":\"WebPage\",\"@id\":\"https:\\\/\\\/lscp.onl\\\/chr\\\/el-podcast-del-territorio\\\/\",\"url\":\"https:\\\/\\\/lscp.onl\\\/chr\\\/el-podcast-del-territorio\\\/\",\"name\":\"El Podcast del Territorio - CHR Chile Registros\",\"isPartOf\":{\"@id\":\"https:\\\/\\\/lscp.onl\\\/chr\\\/#website\"},\"primaryImageOfPage\":{\"@id\":\"https:\\\/\\\/lscp.onl\\\/chr\\\/el-podcast-del-territorio\\\/#primaryimage\"},\"image\":{\"@id\":\"https:\\\/\\\/lscp.onl\\\/chr\\\/el-podcast-del-territorio\\\/#primaryimage\"},\"thumbnailUrl\":\"https:\\\/\\\/lscp.onl\\\/chr\\\/wp-content\\\/uploads\\\/2025\\\/03\\\/logo-PDT.png\",\"datePublished\":\"2025-03-10T13:00:23+00:00\",\"dateModified\":\"2025-04-25T13:50:25+00:00\",\"breadcrumb\":{\"@id\":\"https:\\\/\\\/lscp.onl\\\/chr\\\/el-podcast-del-territorio\\\/#breadcrumb\"},\"inLanguage\":\"en-US\",\"potentialAction\":[{\"@type\":\"ReadAction\",\"target\":[\"https:\\\/\\\/lscp.onl\\\/chr\\\/el-podcast-del-territorio\\\/\"]}]},{\"@type\":\"ImageObject\",\"inLanguage\":\"en-US\",\"@id\":\"https:\\\/\\\/lscp.onl\\\/chr\\\/el-podcast-del-territorio\\\/#primaryimage\",\"url\":\"https:\\\/\\\/lscp.onl\\\/chr\\\/wp-content\\\/uploads\\\/2025\\\/03\\\/logo-PDT.png\",\"contentUrl\":\"https:\\\/\\\/lscp.onl\\\/chr\\\/wp-content\\\/uploads\\\/2025\\\/03\\\/logo-PDT.png\",\"width\":642,\"height\":306},{\"@type\":\"BreadcrumbList\",\"@id\":\"https:\\\/\\\/lscp.onl\\\/chr\\\/el-podcast-del-territorio\\\/#breadcrumb\",\"itemListElement\":[{\"@type\":\"ListItem\",\"position\":1,\"name\":\"Home\",\"item\":\"https:\\\/\\\/lscp.onl\\\/chr\\\/\"},{\"@type\":\"ListItem\",\"position\":2,\"name\":\"El Podcast del Territorio\"}]},{\"@type\":\"WebSite\",\"@id\":\"https:\\\/\\\/lscp.onl\\\/chr\\\/#website\",\"url\":\"https:\\\/\\\/lscp.onl\\\/chr\\\/\",\"name\":\"CHR Chile Registros\",\"description\":\"\",\"publisher\":{\"@id\":\"https:\\\/\\\/lscp.onl\\\/chr\\\/#organization\"},\"potentialAction\":[{\"@type\":\"SearchAction\",\"target\":{\"@type\":\"EntryPoint\",\"urlTemplate\":\"https:\\\/\\\/lscp.onl\\\/chr\\\/?s={search_term_string}\"},\"query-input\":{\"@type\":\"PropertyValueSpecification\",\"valueRequired\":true,\"valueName\":\"search_term_string\"}}],\"inLanguage\":\"en-US\"},{\"@type\":\"Organization\",\"@id\":\"https:\\\/\\\/lscp.onl\\\/chr\\\/#organization\",\"name\":\"CHR Chile Registros\",\"url\":\"https:\\\/\\\/lscp.onl\\\/chr\\\/\",\"logo\":{\"@type\":\"ImageObject\",\"inLanguage\":\"en-US\",\"@id\":\"https:\\\/\\\/lscp.onl\\\/chr\\\/#\\\/schema\\\/logo\\\/image\\\/\",\"url\":\"https:\\\/\\\/lscp.onl\\\/chr\\\/wp-content\\\/uploads\\\/2024\\\/06\\\/chr-animales-territoriales.svg\",\"contentUrl\":\"https:\\\/\\\/lscp.onl\\\/chr\\\/wp-content\\\/uploads\\\/2024\\\/06\\\/chr-animales-territoriales.svg\",\"width\":244,\"height\":88,\"caption\":\"CHR Chile Registros\"},\"image\":{\"@id\":\"https:\\\/\\\/lscp.onl\\\/chr\\\/#\\\/schema\\\/logo\\\/image\\\/\"},\"sameAs\":[\"https:\\\/\\\/www.linkedin.com\\\/company\\\/chr-chileregistros\\\/\"]}]}<\/script>\n<!-- \/ Yoast SEO plugin. -->","yoast_head_json":{"title":"El Podcast del Territorio - CHR Chile Registros","robots":{"index":"index","follow":"follow","max-snippet":"max-snippet:-1","max-image-preview":"max-image-preview:large","max-video-preview":"max-video-preview:-1"},"canonical":"https:\/\/lscp.onl\/chr\/el-podcast-del-territorio\/","og_locale":"en_US","og_type":"article","og_title":"El Podcast del Territorio - CHR Chile Registros","og_description":"El Podcast del Territorio es un espacio de di\u00e1logo y reflexi\u00f3n sobre los desaf\u00edos y mejores pr\u00e1cticas para el desarrollo de proyectos y la conservaci\u00f3n del medio ambiente. Exploramos c\u00f3mo llevar a cabo iniciativas en armon\u00eda con el ecosistema, integrando tecnolog\u00edas innovadoras como los sistemas de informaci\u00f3n geogr\u00e1fica (GIS) y la inteligencia artificial, mientras destacamos [&hellip;]","og_url":"https:\/\/lscp.onl\/chr\/el-podcast-del-territorio\/","og_site_name":"CHR Chile Registros","article_modified_time":"2025-04-25T13:50:25+00:00","og_image":[{"width":642,"height":306,"url":"https:\/\/lscp.onl\/chr\/wp-content\/uploads\/2025\/03\/logo-PDT.png","type":"image\/png"}],"twitter_card":"summary_large_image","twitter_misc":{"Est. reading time":"1 minute"},"schema":{"@context":"https:\/\/schema.org","@graph":[{"@type":"WebPage","@id":"https:\/\/lscp.onl\/chr\/el-podcast-del-territorio\/","url":"https:\/\/lscp.onl\/chr\/el-podcast-del-territorio\/","name":"El Podcast del Territorio - CHR Chile Registros","isPartOf":{"@id":"https:\/\/lscp.onl\/chr\/#website"},"primaryImageOfPage":{"@id":"https:\/\/lscp.onl\/chr\/el-podcast-del-territorio\/#primaryimage"},"image":{"@id":"https:\/\/lscp.onl\/chr\/el-podcast-del-territorio\/#primaryimage"},"thumbnailUrl":"https:\/\/lscp.onl\/chr\/wp-content\/uploads\/2025\/03\/logo-PDT.png","datePublished":"2025-03-10T13:00:23+00:00","dateModified":"2025-04-25T13:50:25+00:00","breadcrumb":{"@id":"https:\/\/lscp.onl\/chr\/el-podcast-del-territorio\/#breadcrumb"},"inLanguage":"en-US","potentialAction":[{"@type":"ReadAction","target":["https:\/\/lscp.onl\/chr\/el-podcast-del-territorio\/"]}]},{"@type":"ImageObject","inLanguage":"en-US","@id":"https:\/\/lscp.onl\/chr\/el-podcast-del-territorio\/#primaryimage","url":"https:\/\/lscp.onl\/chr\/wp-content\/uploads\/2025\/03\/logo-PDT.png","contentUrl":"https:\/\/lscp.onl\/chr\/wp-content\/uploads\/2025\/03\/logo-PDT.png","width":642,"height":306},{"@type":"BreadcrumbList","@id":"https:\/\/lscp.onl\/chr\/el-podcast-del-territorio\/#breadcrumb","itemListElement":[{"@type":"ListItem","position":1,"name":"Home","item":"https:\/\/lscp.onl\/chr\/"},{"@type":"ListItem","position":2,"name":"El Podcast del Territorio"}]},{"@type":"WebSite","@id":"https:\/\/lscp.onl\/chr\/#website","url":"https:\/\/lscp.onl\/chr\/","name":"CHR Chile Registros","description":"","publisher":{"@id":"https:\/\/lscp.onl\/chr\/#organization"},"potentialAction":[{"@type":"SearchAction","target":{"@type":"EntryPoint","urlTemplate":"https:\/\/lscp.onl\/chr\/?s={search_term_string}"},"query-input":{"@type":"PropertyValueSpecification","valueRequired":true,"valueName":"search_term_string"}}],"inLanguage":"en-US"},{"@type":"Organization","@id":"https:\/\/lscp.onl\/chr\/#organization","name":"CHR Chile Registros","url":"https:\/\/lscp.onl\/chr\/","logo":{"@type":"ImageObject","inLanguage":"en-US","@id":"https:\/\/lscp.onl\/chr\/#\/schema\/logo\/image\/","url":"https:\/\/lscp.onl\/chr\/wp-content\/uploads\/2024\/06\/chr-animales-territoriales.svg","contentUrl":"https:\/\/lscp.onl\/chr\/wp-content\/uploads\/2024\/06\/chr-animales-territoriales.svg","width":244,"height":88,"caption":"CHR Chile Registros"},"image":{"@id":"https:\/\/lscp.onl\/chr\/#\/schema\/logo\/image\/"},"sameAs":["https:\/\/www.linkedin.com\/company\/chr-chileregistros\/"]}]}},"_links":{"self":[{"href":"https:\/\/lscp.onl\/chr\/wp-json\/wp\/v2\/pages\/1198","targetHints":{"allow":["GET"]}}],"collection":[{"href":"https:\/\/lscp.onl\/chr\/wp-json\/wp\/v2\/pages"}],"about":[{"href":"https:\/\/lscp.onl\/chr\/wp-json\/wp\/v2\/types\/page"}],"author":[{"embeddable":true,"href":"https:\/\/lscp.onl\/chr\/wp-json\/wp\/v2\/users\/1"}],"replies":[{"embeddable":true,"href":"https:\/\/lscp.onl\/chr\/wp-json\/wp\/v2\/comments?post=1198"}],"version-history":[{"count":50,"href":"https:\/\/lscp.onl\/chr\/wp-json\/wp\/v2\/pages\/1198\/revisions"}],"predecessor-version":[{"id":1269,"href":"https:\/\/lscp.onl\/chr\/wp-json\/wp\/v2\/pages\/1198\/revisions\/1269"}],"wp:attachment":[{"href":"https:\/\/lscp.onl\/chr\/wp-json\/wp\/v2\/media?parent=1198"}],"curies":[{"name":"wp","href":"https:\/\/api.w.org\/{rel}","templated":true}]}}