{"id":210,"date":"2024-06-08T21:59:37","date_gmt":"2024-06-08T21:59:37","guid":{"rendered":"https:\/\/lscp.onl\/chr\/?page_id=210"},"modified":"2025-07-14T19:34:50","modified_gmt":"2025-07-14T19:34:50","slug":"insights","status":"publish","type":"page","link":"https:\/\/lscp.onl\/chr\/insights\/","title":{"rendered":"Blog"},"content":{"rendered":"\t\t<div data-elementor-type=\"wp-page\" data-elementor-id=\"210\" class=\"elementor elementor-210\" data-elementor-post-type=\"page\">\n\t\t\t\t\t\t<section class=\"elementor-section elementor-top-section elementor-element elementor-element-93e738d elementor-section-boxed elementor-section-height-default elementor-section-height-default\" data-id=\"93e738d\" data-element_type=\"section\" data-e-type=\"section\">\n\t\t\t\t\t\t<div class=\"elementor-container elementor-column-gap-default\">\n\t\t\t\t\t<div class=\"elementor-column elementor-col-100 elementor-top-column elementor-element elementor-element-957bb77\" data-id=\"957bb77\" data-element_type=\"column\" data-e-type=\"column\">\n\t\t\t<div class=\"elementor-widget-wrap elementor-element-populated\">\n\t\t\t\t\t\t<div class=\"elementor-element elementor-element-3296bd9 elementor-widget elementor-widget-spacer\" data-id=\"3296bd9\" data-element_type=\"widget\" data-e-type=\"widget\" data-widget_type=\"spacer.default\">\n\t\t\t\t<div class=\"elementor-widget-container\">\n\t\t\t\t\t\t\t<div class=\"elementor-spacer\">\n\t\t\t<div class=\"elementor-spacer-inner\"><\/div>\n\t\t<\/div>\n\t\t\t\t\t\t<\/div>\n\t\t\t\t<\/div>\n\t\t\t\t<div class=\"elementor-element elementor-element-e8c6e1a elementor-widget__width-initial elementor-widget elementor-widget-heading\" data-id=\"e8c6e1a\" data-element_type=\"widget\" data-e-type=\"widget\" data-widget_type=\"heading.default\">\n\t\t\t\t<div class=\"elementor-widget-container\">\n\t\t\t\t\t<h2 class=\"elementor-heading-title elementor-size-default\">Blog y Noticias<\/h2>\t\t\t\t<\/div>\n\t\t\t\t<\/div>\n\t\t\t\t<div class=\"elementor-element elementor-element-30454e0 elementor-widget elementor-widget-spacer\" data-id=\"30454e0\" data-element_type=\"widget\" data-e-type=\"widget\" data-widget_type=\"spacer.default\">\n\t\t\t\t<div class=\"elementor-widget-container\">\n\t\t\t\t\t\t\t<div class=\"elementor-spacer\">\n\t\t\t<div class=\"elementor-spacer-inner\"><\/div>\n\t\t<\/div>\n\t\t\t\t\t\t<\/div>\n\t\t\t\t<\/div>\n\t\t\t\t<div class=\"elementor-element elementor-element-d05b4cd elementor-grid-1 elementor-grid-tablet-2 elementor-grid-mobile-1 elementor-posts--thumbnail-top elementor-widget elementor-widget-posts\" data-id=\"d05b4cd\" data-element_type=\"widget\" data-e-type=\"widget\" data-settings=\"{&quot;classic_columns&quot;:&quot;1&quot;,&quot;classic_columns_tablet&quot;:&quot;2&quot;,&quot;classic_columns_mobile&quot;:&quot;1&quot;,&quot;classic_row_gap&quot;:{&quot;unit&quot;:&quot;px&quot;,&quot;size&quot;:35,&quot;sizes&quot;:[]},&quot;classic_row_gap_tablet&quot;:{&quot;unit&quot;:&quot;px&quot;,&quot;size&quot;:&quot;&quot;,&quot;sizes&quot;:[]},&quot;classic_row_gap_mobile&quot;:{&quot;unit&quot;:&quot;px&quot;,&quot;size&quot;:&quot;&quot;,&quot;sizes&quot;:[]}}\" data-widget_type=\"posts.classic\">\n\t\t\t\t<div class=\"elementor-widget-container\">\n\t\t\t\t\t\t\t<div class=\"elementor-posts-container elementor-posts elementor-posts--skin-classic elementor-grid\" role=\"list\">\n\t\t\t\t<article class=\"elementor-post elementor-grid-item post-1158 post type-post status-publish format-standard has-post-thumbnail hentry category-uncategorized\" role=\"listitem\">\n\t\t\t\t<a class=\"elementor-post__thumbnail__link\" href=\"https:\/\/lscp.onl\/chr\/darle-valor-a-los-datos\/\" tabindex=\"-1\" >\n\t\t\t<div class=\"elementor-post__thumbnail\"><img fetchpriority=\"high\" decoding=\"async\" width=\"1081\" height=\"813\" src=\"https:\/\/lscp.onl\/chr\/wp-content\/uploads\/2025\/02\/darle-calor-a-los-dato.png\" class=\"attachment-full size-full wp-image-1994\" alt=\"\" srcset=\"https:\/\/lscp.onl\/chr\/wp-content\/uploads\/2025\/02\/darle-calor-a-los-dato.png 1081w, https:\/\/lscp.onl\/chr\/wp-content\/uploads\/2025\/02\/darle-calor-a-los-dato-300x226.png 300w, https:\/\/lscp.onl\/chr\/wp-content\/uploads\/2025\/02\/darle-calor-a-los-dato-1024x770.png 1024w, https:\/\/lscp.onl\/chr\/wp-content\/uploads\/2025\/02\/darle-calor-a-los-dato-768x578.png 768w\" sizes=\"(max-width: 1081px) 100vw, 1081px\" \/><\/div>\n\t\t<\/a>\n\t\t\t\t<div class=\"elementor-post__text\">\n\t\t\t\t<h3 class=\"elementor-post__title\">\n\t\t\t<a href=\"https:\/\/lscp.onl\/chr\/darle-valor-a-los-datos\/\" >\n\t\t\t\tDarle valor a los datos\t\t\t<\/a>\n\t\t<\/h3>\n\t\t\n\t\t<a class=\"elementor-post__read-more\" href=\"https:\/\/lscp.onl\/chr\/darle-valor-a-los-datos\/\" aria-label=\"Read more about Darle valor a los datos\" tabindex=\"-1\" >\n\t\t\tver m\u00e1s \u2192\t\t<\/a>\n\n\t\t\t\t<\/div>\n\t\t\t\t<\/article>\n\t\t\t\t<\/div>\n\t\t\n\t\t\t\t\t\t<\/div>\n\t\t\t\t<\/div>\n\t\t\t\t\t<\/div>\n\t\t<\/div>\n\t\t\t\t\t<\/div>\n\t\t<\/section>\n\t\t\t\t<section class=\"elementor-section elementor-top-section elementor-element elementor-element-d02572b elementor-section-boxed elementor-section-height-default elementor-section-height-default\" data-id=\"d02572b\" data-element_type=\"section\" data-e-type=\"section\">\n\t\t\t\t\t\t<div class=\"elementor-container elementor-column-gap-default\">\n\t\t\t\t\t<div class=\"elementor-column elementor-col-100 elementor-top-column elementor-element elementor-element-16bc73e\" data-id=\"16bc73e\" data-element_type=\"column\" data-e-type=\"column\">\n\t\t\t<div class=\"elementor-widget-wrap elementor-element-populated\">\n\t\t\t\t\t\t<div class=\"elementor-element elementor-element-2d95ddc elementor-grid-3 elementor-grid-tablet-2 elementor-grid-mobile-1 elementor-posts--thumbnail-top elementor-widget elementor-widget-posts\" data-id=\"2d95ddc\" data-element_type=\"widget\" data-e-type=\"widget\" data-settings=\"{&quot;classic_columns&quot;:&quot;3&quot;,&quot;classic_columns_tablet&quot;:&quot;2&quot;,&quot;classic_columns_mobile&quot;:&quot;1&quot;,&quot;classic_row_gap&quot;:{&quot;unit&quot;:&quot;px&quot;,&quot;size&quot;:35,&quot;sizes&quot;:[]},&quot;classic_row_gap_tablet&quot;:{&quot;unit&quot;:&quot;px&quot;,&quot;size&quot;:&quot;&quot;,&quot;sizes&quot;:[]},&quot;classic_row_gap_mobile&quot;:{&quot;unit&quot;:&quot;px&quot;,&quot;size&quot;:&quot;&quot;,&quot;sizes&quot;:[]}}\" data-widget_type=\"posts.classic\">\n\t\t\t\t<div class=\"elementor-widget-container\">\n\t\t\t\t\t\t\t<div class=\"elementor-posts-container elementor-posts elementor-posts--skin-classic elementor-grid\" role=\"list\">\n\t\t\t\t<article class=\"elementor-post elementor-grid-item post-1158 post type-post status-publish format-standard has-post-thumbnail hentry category-uncategorized\" role=\"listitem\">\n\t\t\t\t<a class=\"elementor-post__thumbnail__link\" href=\"https:\/\/lscp.onl\/chr\/darle-valor-a-los-datos\/\" tabindex=\"-1\" >\n\t\t\t<div class=\"elementor-post__thumbnail\"><img decoding=\"async\" width=\"300\" height=\"226\" src=\"https:\/\/lscp.onl\/chr\/wp-content\/uploads\/2025\/02\/darle-calor-a-los-dato-300x226.png\" class=\"attachment-medium size-medium wp-image-1994\" alt=\"\" srcset=\"https:\/\/lscp.onl\/chr\/wp-content\/uploads\/2025\/02\/darle-calor-a-los-dato-300x226.png 300w, https:\/\/lscp.onl\/chr\/wp-content\/uploads\/2025\/02\/darle-calor-a-los-dato-1024x770.png 1024w, https:\/\/lscp.onl\/chr\/wp-content\/uploads\/2025\/02\/darle-calor-a-los-dato-768x578.png 768w, https:\/\/lscp.onl\/chr\/wp-content\/uploads\/2025\/02\/darle-calor-a-los-dato.png 1081w\" sizes=\"(max-width: 300px) 100vw, 300px\" \/><\/div>\n\t\t<\/a>\n\t\t\t\t<div class=\"elementor-post__text\">\n\t\t\t\t<h3 class=\"elementor-post__title\">\n\t\t\t<a href=\"https:\/\/lscp.onl\/chr\/darle-valor-a-los-datos\/\" >\n\t\t\t\tDarle valor a los datos\t\t\t<\/a>\n\t\t<\/h3>\n\t\t\t\t<div class=\"elementor-post__meta-data\">\n\t\t\t\t\t<span class=\"elementor-post-date\">\n\t\t\tFebruary 18, 2025\t\t<\/span>\n\t\t\t\t<\/div>\n\t\t\t\t<div class=\"elementor-post__excerpt\">\n\t\t\t<p>Vivimos en la era de los datos, pero eso no significa que todas las empresas est\u00e9n realmente aprovech\u00e1ndolos. Ser data-driven no es simplemente almacenar informaci\u00f3n, sino estructurarla, integrarla y utilizarla para tomar mejores decisiones. Y aqu\u00ed radica un problema cr\u00edtico que muchas grandes compa\u00f1\u00edas a\u00fan no han resuelto: la falta de estandarizaci\u00f3n y modelos de datos adecuados para convertir toda la informaci\u00f3n dispersa en un verdadero activo estrat\u00e9gico.<\/p>\n\t\t<\/div>\n\t\t\n\t\t<a class=\"elementor-post__read-more\" href=\"https:\/\/lscp.onl\/chr\/darle-valor-a-los-datos\/\" aria-label=\"Read more about Darle valor a los datos\" tabindex=\"-1\" >\n\t\t\tver m\u00e1s \u2192\t\t<\/a>\n\n\t\t\t\t<\/div>\n\t\t\t\t<\/article>\n\t\t\t\t<article class=\"elementor-post elementor-grid-item post-1082 post type-post status-publish format-standard has-post-thumbnail hentry category-uncategorized\" role=\"listitem\">\n\t\t\t\t<a class=\"elementor-post__thumbnail__link\" href=\"https:\/\/lscp.onl\/chr\/la-informacion-es-poder\/\" tabindex=\"-1\" >\n\t\t\t<div class=\"elementor-post__thumbnail\"><img decoding=\"async\" width=\"300\" height=\"226\" src=\"https:\/\/lscp.onl\/chr\/wp-content\/uploads\/2025\/01\/la-info-es-poder-300x226.png\" class=\"attachment-medium size-medium wp-image-1996\" alt=\"\" srcset=\"https:\/\/lscp.onl\/chr\/wp-content\/uploads\/2025\/01\/la-info-es-poder-300x226.png 300w, https:\/\/lscp.onl\/chr\/wp-content\/uploads\/2025\/01\/la-info-es-poder-1024x770.png 1024w, https:\/\/lscp.onl\/chr\/wp-content\/uploads\/2025\/01\/la-info-es-poder-768x578.png 768w, https:\/\/lscp.onl\/chr\/wp-content\/uploads\/2025\/01\/la-info-es-poder.png 1081w\" sizes=\"(max-width: 300px) 100vw, 300px\" \/><\/div>\n\t\t<\/a>\n\t\t\t\t<div class=\"elementor-post__text\">\n\t\t\t\t<h3 class=\"elementor-post__title\">\n\t\t\t<a href=\"https:\/\/lscp.onl\/chr\/la-informacion-es-poder\/\" >\n\t\t\t\tLa informaci\u00f3n es poder\t\t\t<\/a>\n\t\t<\/h3>\n\t\t\t\t<div class=\"elementor-post__meta-data\">\n\t\t\t\t\t<span class=\"elementor-post-date\">\n\t\t\tJanuary 3, 2025\t\t<\/span>\n\t\t\t\t<\/div>\n\t\t\t\t<div class=\"elementor-post__excerpt\">\n\t\t\t<p>Columna de Opini\u00f3n La informaci\u00f3n es poder El Poder y la Responsabilidad de la Informaci\u00f3n Territorial para el Bien Com\u00fan Contar con informaci\u00f3n territorial a<\/p>\n\t\t<\/div>\n\t\t\n\t\t<a class=\"elementor-post__read-more\" href=\"https:\/\/lscp.onl\/chr\/la-informacion-es-poder\/\" aria-label=\"Read more about La informaci\u00f3n es poder\" tabindex=\"-1\" >\n\t\t\tver m\u00e1s \u2192\t\t<\/a>\n\n\t\t\t\t<\/div>\n\t\t\t\t<\/article>\n\t\t\t\t<article class=\"elementor-post elementor-grid-item post-969 post type-post status-publish format-standard has-post-thumbnail hentry category-uncategorized\" role=\"listitem\">\n\t\t\t\t<a class=\"elementor-post__thumbnail__link\" href=\"https:\/\/lscp.onl\/chr\/chr-destaca-en-la-conferencia-de-usuarios-esri-2024-con-presentaciones-de-impacto-en-innovacion-geotecnologica\/\" tabindex=\"-1\" >\n\t\t\t<div class=\"elementor-post__thumbnail\"><img loading=\"lazy\" decoding=\"async\" width=\"300\" height=\"226\" src=\"https:\/\/lscp.onl\/chr\/wp-content\/uploads\/2024\/10\/conferencia-esri-300x226.png\" class=\"attachment-medium size-medium wp-image-1997\" alt=\"\" srcset=\"https:\/\/lscp.onl\/chr\/wp-content\/uploads\/2024\/10\/conferencia-esri-300x226.png 300w, https:\/\/lscp.onl\/chr\/wp-content\/uploads\/2024\/10\/conferencia-esri-1024x770.png 1024w, https:\/\/lscp.onl\/chr\/wp-content\/uploads\/2024\/10\/conferencia-esri-768x578.png 768w, https:\/\/lscp.onl\/chr\/wp-content\/uploads\/2024\/10\/conferencia-esri.png 1081w\" sizes=\"(max-width: 300px) 100vw, 300px\" \/><\/div>\n\t\t<\/a>\n\t\t\t\t<div class=\"elementor-post__text\">\n\t\t\t\t<h3 class=\"elementor-post__title\">\n\t\t\t<a href=\"https:\/\/lscp.onl\/chr\/chr-destaca-en-la-conferencia-de-usuarios-esri-2024-con-presentaciones-de-impacto-en-innovacion-geotecnologica\/\" >\n\t\t\t\tCHR destaca en la Conferencia de Usuarios Esri 2024 con presentaciones de impacto en innovaci\u00f3n geotecnol\u00f3gica\t\t\t<\/a>\n\t\t<\/h3>\n\t\t\t\t<div class=\"elementor-post__meta-data\">\n\t\t\t\t\t<span class=\"elementor-post-date\">\n\t\t\tOctober 25, 2024\t\t<\/span>\n\t\t\t\t<\/div>\n\t\t\t\t<div class=\"elementor-post__excerpt\">\n\t\t\t<p>CHR reafirm\u00f3 su compromiso con la innovaci\u00f3n en geotecnolog\u00eda. Este evento reuni\u00f3 a expertos y l\u00edderes del sector de sistemas de informaci\u00f3n geogr\u00e1fica (SIG), y CHR brill\u00f3 con su participaci\u00f3n en la sesi\u00f3n plenaria y una presentaci\u00f3n t\u00e9cnica adicional.<\/p>\n\t\t<\/div>\n\t\t\n\t\t<a class=\"elementor-post__read-more\" href=\"https:\/\/lscp.onl\/chr\/chr-destaca-en-la-conferencia-de-usuarios-esri-2024-con-presentaciones-de-impacto-en-innovacion-geotecnologica\/\" aria-label=\"Read more about CHR destaca en la Conferencia de Usuarios Esri 2024 con presentaciones de impacto en innovaci\u00f3n geotecnol\u00f3gica\" tabindex=\"-1\" >\n\t\t\tver m\u00e1s \u2192\t\t<\/a>\n\n\t\t\t\t<\/div>\n\t\t\t\t<\/article>\n\t\t\t\t<article class=\"elementor-post elementor-grid-item post-847 post type-post status-publish format-standard has-post-thumbnail hentry category-uncategorized\" role=\"listitem\">\n\t\t\t\t<a class=\"elementor-post__thumbnail__link\" href=\"https:\/\/lscp.onl\/chr\/transparencia-total-simplificacion-y-tecnologia-para-un-desarrollo-sostenible-de-proyectos\/\" tabindex=\"-1\" >\n\t\t\t<div class=\"elementor-post__thumbnail\"><img loading=\"lazy\" decoding=\"async\" width=\"300\" height=\"169\" src=\"https:\/\/lscp.onl\/chr\/wp-content\/uploads\/2024\/08\/thumb-1_web2-300x169.png\" class=\"attachment-medium size-medium wp-image-967\" alt=\"\" srcset=\"https:\/\/lscp.onl\/chr\/wp-content\/uploads\/2024\/08\/thumb-1_web2-300x169.png 300w, https:\/\/lscp.onl\/chr\/wp-content\/uploads\/2024\/08\/thumb-1_web2-1024x576.png 1024w, https:\/\/lscp.onl\/chr\/wp-content\/uploads\/2024\/08\/thumb-1_web2-768x432.png 768w, https:\/\/lscp.onl\/chr\/wp-content\/uploads\/2024\/08\/thumb-1_web2.png 1280w\" sizes=\"(max-width: 300px) 100vw, 300px\" \/><\/div>\n\t\t<\/a>\n\t\t\t\t<div class=\"elementor-post__text\">\n\t\t\t\t<h3 class=\"elementor-post__title\">\n\t\t\t<a href=\"https:\/\/lscp.onl\/chr\/transparencia-total-simplificacion-y-tecnologia-para-un-desarrollo-sostenible-de-proyectos\/\" >\n\t\t\t\tTransparencia Total: Simplificaci\u00f3n y Tecnolog\u00eda para un Desarrollo Sostenible de Proyectos\t\t\t<\/a>\n\t\t<\/h3>\n\t\t\t\t<div class=\"elementor-post__meta-data\">\n\t\t\t\t\t<span class=\"elementor-post-date\">\n\t\t\tAugust 8, 2024\t\t<\/span>\n\t\t\t\t<\/div>\n\t\t\t\t<div class=\"elementor-post__excerpt\">\n\t\t\t<p>Columna de opini\u00f3n Transparencia Total: Simplificaci\u00f3n y Tecnolog\u00eda para un Desarrollo Sostenible de Proyectos Victoria Sydlowski\u00a0 Gerente de Clientes, CHR El desarrollo de proyectos de<\/p>\n\t\t<\/div>\n\t\t\n\t\t<a class=\"elementor-post__read-more\" href=\"https:\/\/lscp.onl\/chr\/transparencia-total-simplificacion-y-tecnologia-para-un-desarrollo-sostenible-de-proyectos\/\" aria-label=\"Read more about Transparencia Total: Simplificaci\u00f3n y Tecnolog\u00eda para un Desarrollo Sostenible de Proyectos\" tabindex=\"-1\" >\n\t\t\tver m\u00e1s \u2192\t\t<\/a>\n\n\t\t\t\t<\/div>\n\t\t\t\t<\/article>\n\t\t\t\t<article class=\"elementor-post elementor-grid-item post-823 post type-post status-publish format-standard has-post-thumbnail hentry category-uncategorized\" role=\"listitem\">\n\t\t\t\t<a class=\"elementor-post__thumbnail__link\" href=\"https:\/\/lscp.onl\/chr\/territorio-para-el-hidrogeno-verde\/\" tabindex=\"-1\" >\n\t\t\t<div class=\"elementor-post__thumbnail\"><img loading=\"lazy\" decoding=\"async\" width=\"300\" height=\"169\" src=\"https:\/\/lscp.onl\/chr\/wp-content\/uploads\/2024\/07\/Post-Victoria-03-300x169.png\" class=\"attachment-medium size-medium wp-image-968\" alt=\"\" srcset=\"https:\/\/lscp.onl\/chr\/wp-content\/uploads\/2024\/07\/Post-Victoria-03-300x169.png 300w, https:\/\/lscp.onl\/chr\/wp-content\/uploads\/2024\/07\/Post-Victoria-03-1024x576.png 1024w, https:\/\/lscp.onl\/chr\/wp-content\/uploads\/2024\/07\/Post-Victoria-03-768x432.png 768w, https:\/\/lscp.onl\/chr\/wp-content\/uploads\/2024\/07\/Post-Victoria-03-1536x864.png 1536w, https:\/\/lscp.onl\/chr\/wp-content\/uploads\/2024\/07\/Post-Victoria-03.png 1921w\" sizes=\"(max-width: 300px) 100vw, 300px\" \/><\/div>\n\t\t<\/a>\n\t\t\t\t<div class=\"elementor-post__text\">\n\t\t\t\t<h3 class=\"elementor-post__title\">\n\t\t\t<a href=\"https:\/\/lscp.onl\/chr\/territorio-para-el-hidrogeno-verde\/\" >\n\t\t\t\tTerritorio para el hidr\u00f3geno verde\t\t\t<\/a>\n\t\t<\/h3>\n\t\t\t\t<div class=\"elementor-post__meta-data\">\n\t\t\t\t\t<span class=\"elementor-post-date\">\n\t\t\tJuly 24, 2024\t\t<\/span>\n\t\t\t\t<\/div>\n\t\t\t\t<div class=\"elementor-post__excerpt\">\n\t\t\t<p>Chile se encuentra en una posici\u00f3n \u00fanica para liderar la producci\u00f3n de hidr\u00f3geno verde a nivel mundial, gracias a sus excepcionales condiciones naturales, como la abundante radiaci\u00f3n solar en el Norte del pa\u00eds. Sin embargo, para que esta promesa se convierta en realidad, es crucial abordar una serie de desaf\u00edos territoriales que, hasta ahora, han sido subestimados.<\/p>\n\t\t<\/div>\n\t\t\n\t\t<a class=\"elementor-post__read-more\" href=\"https:\/\/lscp.onl\/chr\/territorio-para-el-hidrogeno-verde\/\" aria-label=\"Read more about Territorio para el hidr\u00f3geno verde\" tabindex=\"-1\" >\n\t\t\tver m\u00e1s \u2192\t\t<\/a>\n\n\t\t\t\t<\/div>\n\t\t\t\t<\/article>\n\t\t\t\t<article class=\"elementor-post elementor-grid-item post-890 post type-post status-publish format-standard has-post-thumbnail hentry category-uncategorized\" role=\"listitem\">\n\t\t\t\t<a class=\"elementor-post__thumbnail__link\" href=\"https:\/\/lscp.onl\/chr\/cruzando-fronteras\/\" tabindex=\"-1\" >\n\t\t\t<div class=\"elementor-post__thumbnail\"><img loading=\"lazy\" decoding=\"async\" width=\"300\" height=\"169\" src=\"https:\/\/lscp.onl\/chr\/wp-content\/uploads\/2024\/08\/1721246058139-300x169.jpeg\" class=\"attachment-medium size-medium wp-image-899\" alt=\"\" srcset=\"https:\/\/lscp.onl\/chr\/wp-content\/uploads\/2024\/08\/1721246058139-300x169.jpeg 300w, https:\/\/lscp.onl\/chr\/wp-content\/uploads\/2024\/08\/1721246058139.jpeg 752w\" sizes=\"(max-width: 300px) 100vw, 300px\" \/><\/div>\n\t\t<\/a>\n\t\t\t\t<div class=\"elementor-post__text\">\n\t\t\t\t<h3 class=\"elementor-post__title\">\n\t\t\t<a href=\"https:\/\/lscp.onl\/chr\/cruzando-fronteras\/\" >\n\t\t\t\tCruzando Fronteras\t\t\t<\/a>\n\t\t<\/h3>\n\t\t\t\t<div class=\"elementor-post__meta-data\">\n\t\t\t\t\t<span class=\"elementor-post-date\">\n\t\t\tJuly 17, 2024\t\t<\/span>\n\t\t\t\t<\/div>\n\t\t\t\t<div class=\"elementor-post__excerpt\">\n\t\t\t<p>Columna de opini\u00f3n Cruzando Fronteras: Un desorden silencioso en el norte de Chile Victoria Sydlowski Gerente de Clientes CHR En los \u00faltimos meses nos enfrentamos<\/p>\n\t\t<\/div>\n\t\t\n\t\t<a class=\"elementor-post__read-more\" href=\"https:\/\/lscp.onl\/chr\/cruzando-fronteras\/\" aria-label=\"Read more about Cruzando Fronteras\" tabindex=\"-1\" >\n\t\t\tver m\u00e1s \u2192\t\t<\/a>\n\n\t\t\t\t<\/div>\n\t\t\t\t<\/article>\n\t\t\t\t<\/div>\n\t\t\n\t\t\t\t\t\t<\/div>\n\t\t\t\t<\/div>\n\t\t\t\t\t<\/div>\n\t\t<\/div>\n\t\t\t\t\t<\/div>\n\t\t<\/section>\n\t\t\t\t<\/div>\n\t\t","protected":false},"excerpt":{"rendered":"<p>Blog y Noticias<\/p>\n","protected":false},"author":1,"featured_media":0,"parent":0,"menu_order":0,"comment_status":"closed","ping_status":"closed","template":"elementor_header_footer","meta":{"footnotes":""},"class_list":["post-210","page","type-page","status-publish","hentry"],"yoast_head":"<!-- This site is optimized with the Yoast SEO plugin v27.5 - https:\/\/yoast.com\/product\/yoast-seo-wordpress\/ -->\n<title>Blog - CHR Chile Registros<\/title>\n<meta name=\"robots\" content=\"index, follow, max-snippet:-1, max-image-preview:large, max-video-preview:-1\" \/>\n<link rel=\"canonical\" href=\"https:\/\/lscp.onl\/chr\/insights\/\" \/>\n<meta property=\"og:locale\" content=\"en_US\" \/>\n<meta property=\"og:type\" content=\"article\" \/>\n<meta property=\"og:title\" content=\"Blog - CHR Chile Registros\" \/>\n<meta property=\"og:description\" content=\"Blog y Noticias\" \/>\n<meta property=\"og:url\" content=\"https:\/\/lscp.onl\/chr\/insights\/\" \/>\n<meta property=\"og:site_name\" content=\"CHR Chile Registros\" \/>\n<meta property=\"article:modified_time\" content=\"2025-07-14T19:34:50+00:00\" \/>\n<meta name=\"twitter:card\" content=\"summary_large_image\" \/>\n<meta name=\"twitter:label1\" content=\"Est. reading time\" \/>\n\t<meta name=\"twitter:data1\" content=\"4 minutes\" \/>\n<script type=\"application\/ld+json\" class=\"yoast-schema-graph\">{\"@context\":\"https:\\\/\\\/schema.org\",\"@graph\":[{\"@type\":\"WebPage\",\"@id\":\"https:\\\/\\\/lscp.onl\\\/chr\\\/insights\\\/\",\"url\":\"https:\\\/\\\/lscp.onl\\\/chr\\\/insights\\\/\",\"name\":\"Blog - CHR Chile Registros\",\"isPartOf\":{\"@id\":\"https:\\\/\\\/lscp.onl\\\/chr\\\/#website\"},\"datePublished\":\"2024-06-08T21:59:37+00:00\",\"dateModified\":\"2025-07-14T19:34:50+00:00\",\"breadcrumb\":{\"@id\":\"https:\\\/\\\/lscp.onl\\\/chr\\\/insights\\\/#breadcrumb\"},\"inLanguage\":\"en-US\",\"potentialAction\":[{\"@type\":\"ReadAction\",\"target\":[\"https:\\\/\\\/lscp.onl\\\/chr\\\/insights\\\/\"]}]},{\"@type\":\"BreadcrumbList\",\"@id\":\"https:\\\/\\\/lscp.onl\\\/chr\\\/insights\\\/#breadcrumb\",\"itemListElement\":[{\"@type\":\"ListItem\",\"position\":1,\"name\":\"Home\",\"item\":\"https:\\\/\\\/lscp.onl\\\/chr\\\/\"},{\"@type\":\"ListItem\",\"position\":2,\"name\":\"Blog\"}]},{\"@type\":\"WebSite\",\"@id\":\"https:\\\/\\\/lscp.onl\\\/chr\\\/#website\",\"url\":\"https:\\\/\\\/lscp.onl\\\/chr\\\/\",\"name\":\"CHR Chile Registros\",\"description\":\"\",\"publisher\":{\"@id\":\"https:\\\/\\\/lscp.onl\\\/chr\\\/#organization\"},\"potentialAction\":[{\"@type\":\"SearchAction\",\"target\":{\"@type\":\"EntryPoint\",\"urlTemplate\":\"https:\\\/\\\/lscp.onl\\\/chr\\\/?s={search_term_string}\"},\"query-input\":{\"@type\":\"PropertyValueSpecification\",\"valueRequired\":true,\"valueName\":\"search_term_string\"}}],\"inLanguage\":\"en-US\"},{\"@type\":\"Organization\",\"@id\":\"https:\\\/\\\/lscp.onl\\\/chr\\\/#organization\",\"name\":\"CHR Chile Registros\",\"url\":\"https:\\\/\\\/lscp.onl\\\/chr\\\/\",\"logo\":{\"@type\":\"ImageObject\",\"inLanguage\":\"en-US\",\"@id\":\"https:\\\/\\\/lscp.onl\\\/chr\\\/#\\\/schema\\\/logo\\\/image\\\/\",\"url\":\"https:\\\/\\\/lscp.onl\\\/chr\\\/wp-content\\\/uploads\\\/2024\\\/06\\\/chr-animales-territoriales.svg\",\"contentUrl\":\"https:\\\/\\\/lscp.onl\\\/chr\\\/wp-content\\\/uploads\\\/2024\\\/06\\\/chr-animales-territoriales.svg\",\"width\":244,\"height\":88,\"caption\":\"CHR Chile Registros\"},\"image\":{\"@id\":\"https:\\\/\\\/lscp.onl\\\/chr\\\/#\\\/schema\\\/logo\\\/image\\\/\"},\"sameAs\":[\"https:\\\/\\\/www.linkedin.com\\\/company\\\/chr-chileregistros\\\/\"]}]}<\/script>\n<!-- \/ Yoast SEO plugin. -->","yoast_head_json":{"title":"Blog - CHR Chile Registros","robots":{"index":"index","follow":"follow","max-snippet":"max-snippet:-1","max-image-preview":"max-image-preview:large","max-video-preview":"max-video-preview:-1"},"canonical":"https:\/\/lscp.onl\/chr\/insights\/","og_locale":"en_US","og_type":"article","og_title":"Blog - CHR Chile Registros","og_description":"Blog y Noticias","og_url":"https:\/\/lscp.onl\/chr\/insights\/","og_site_name":"CHR Chile Registros","article_modified_time":"2025-07-14T19:34:50+00:00","twitter_card":"summary_large_image","twitter_misc":{"Est. reading time":"4 minutes"},"schema":{"@context":"https:\/\/schema.org","@graph":[{"@type":"WebPage","@id":"https:\/\/lscp.onl\/chr\/insights\/","url":"https:\/\/lscp.onl\/chr\/insights\/","name":"Blog - CHR Chile Registros","isPartOf":{"@id":"https:\/\/lscp.onl\/chr\/#website"},"datePublished":"2024-06-08T21:59:37+00:00","dateModified":"2025-07-14T19:34:50+00:00","breadcrumb":{"@id":"https:\/\/lscp.onl\/chr\/insights\/#breadcrumb"},"inLanguage":"en-US","potentialAction":[{"@type":"ReadAction","target":["https:\/\/lscp.onl\/chr\/insights\/"]}]},{"@type":"BreadcrumbList","@id":"https:\/\/lscp.onl\/chr\/insights\/#breadcrumb","itemListElement":[{"@type":"ListItem","position":1,"name":"Home","item":"https:\/\/lscp.onl\/chr\/"},{"@type":"ListItem","position":2,"name":"Blog"}]},{"@type":"WebSite","@id":"https:\/\/lscp.onl\/chr\/#website","url":"https:\/\/lscp.onl\/chr\/","name":"CHR Chile Registros","description":"","publisher":{"@id":"https:\/\/lscp.onl\/chr\/#organization"},"potentialAction":[{"@type":"SearchAction","target":{"@type":"EntryPoint","urlTemplate":"https:\/\/lscp.onl\/chr\/?s={search_term_string}"},"query-input":{"@type":"PropertyValueSpecification","valueRequired":true,"valueName":"search_term_string"}}],"inLanguage":"en-US"},{"@type":"Organization","@id":"https:\/\/lscp.onl\/chr\/#organization","name":"CHR Chile Registros","url":"https:\/\/lscp.onl\/chr\/","logo":{"@type":"ImageObject","inLanguage":"en-US","@id":"https:\/\/lscp.onl\/chr\/#\/schema\/logo\/image\/","url":"https:\/\/lscp.onl\/chr\/wp-content\/uploads\/2024\/06\/chr-animales-territoriales.svg","contentUrl":"https:\/\/lscp.onl\/chr\/wp-content\/uploads\/2024\/06\/chr-animales-territoriales.svg","width":244,"height":88,"caption":"CHR Chile Registros"},"image":{"@id":"https:\/\/lscp.onl\/chr\/#\/schema\/logo\/image\/"},"sameAs":["https:\/\/www.linkedin.com\/company\/chr-chileregistros\/"]}]}},"_links":{"self":[{"href":"https:\/\/lscp.onl\/chr\/wp-json\/wp\/v2\/pages\/210","targetHints":{"allow":["GET"]}}],"collection":[{"href":"https:\/\/lscp.onl\/chr\/wp-json\/wp\/v2\/pages"}],"about":[{"href":"https:\/\/lscp.onl\/chr\/wp-json\/wp\/v2\/types\/page"}],"author":[{"embeddable":true,"href":"https:\/\/lscp.onl\/chr\/wp-json\/wp\/v2\/users\/1"}],"replies":[{"embeddable":true,"href":"https:\/\/lscp.onl\/chr\/wp-json\/wp\/v2\/comments?post=210"}],"version-history":[{"count":20,"href":"https:\/\/lscp.onl\/chr\/wp-json\/wp\/v2\/pages\/210\/revisions"}],"predecessor-version":[{"id":1845,"href":"https:\/\/lscp.onl\/chr\/wp-json\/wp\/v2\/pages\/210\/revisions\/1845"}],"wp:attachment":[{"href":"https:\/\/lscp.onl\/chr\/wp-json\/wp\/v2\/media?parent=210"}],"curies":[{"name":"wp","href":"https:\/\/api.w.org\/{rel}","templated":true}]}}